{"id":3045,"date":"2023-08-15T10:32:16","date_gmt":"2023-08-15T08:32:16","guid":{"rendered":"https:\/\/pulsions-pro.buxumlunic.dev\/se-certifier\/"},"modified":"2026-03-16T15:35:29","modified_gmt":"2026-03-16T14:35:29","slug":"get-certified","status":"publish","type":"page","link":"https:\/\/www.pulsions-pro.com\/en\/get-certified\/","title":{"rendered":"Get Certified"},"content":{"rendered":"","protected":false},"excerpt":{"rendered":"","protected":false},"author":4,"featured_media":1783,"parent":0,"menu_order":0,"comment_status":"closed","ping_status":"closed","template":"template-inscription-certification.php","meta":{"_acf_changed":false,"footnotes":""},"class_list":["post-3045","page","type-page","status-publish","has-post-thumbnail","hentry"],"acf":[],"yoast_head":"<!-- This site is optimized with the Yoast SEO plugin v27.4 - https:\/\/yoast.com\/product\/yoast-seo-wordpress\/ -->\n<title>Get Certified &#8211; PULSIONS Pro<\/title>\n<meta name=\"description\" content=\"Access cutting-edge training in understanding professional behaviour with PULSIONS PRO certification. Find out why you should choose PULSIONS PRO.\" \/>\n<meta name=\"robots\" content=\"index, follow, max-snippet:-1, max-image-preview:large, max-video-preview:-1\" \/>\n<link rel=\"canonical\" href=\"https:\/\/www.pulsions-pro.com\/en\/get-certified\/\" \/>\n<meta property=\"og:locale\" content=\"en_GB\" \/>\n<meta property=\"og:type\" content=\"article\" \/>\n<meta property=\"og:title\" content=\"Get Certified &#8211; PULSIONS Pro\" \/>\n<meta property=\"og:description\" content=\"Access cutting-edge training in understanding professional behaviour with PULSIONS PRO certification. Find out why you should choose PULSIONS PRO.\" \/>\n<meta property=\"og:url\" content=\"https:\/\/www.pulsions-pro.com\/en\/get-certified\/\" \/>\n<meta property=\"og:site_name\" content=\"PULSIONS Pro\" \/>\n<meta property=\"article:modified_time\" content=\"2026-03-16T14:35:29+00:00\" \/>\n<meta property=\"og:image\" content=\"https:\/\/www.pulsions-pro.com\/wp-content\/uploads\/2021\/06\/shutterstock_1890807892.jpg\" \/>\n\t<meta property=\"og:image:width\" content=\"2560\" \/>\n\t<meta property=\"og:image:height\" content=\"1440\" \/>\n\t<meta property=\"og:image:type\" content=\"image\/jpeg\" \/>\n<meta name=\"twitter:card\" content=\"summary_large_image\" \/>\n<meta name=\"twitter:label1\" content=\"Estimated reading time\" \/>\n\t<meta name=\"twitter:data1\" content=\"1 minute\" \/>\n<script type=\"application\/ld+json\" class=\"yoast-schema-graph\">{\"@context\":\"https:\\\/\\\/schema.org\",\"@graph\":[{\"@type\":\"WebPage\",\"@id\":\"https:\\\/\\\/www.pulsions-pro.com\\\/en\\\/get-certified\\\/\",\"url\":\"https:\\\/\\\/www.pulsions-pro.com\\\/en\\\/get-certified\\\/\",\"name\":\"Get Certified &#8211; PULSIONS Pro\",\"isPartOf\":{\"@id\":\"https:\\\/\\\/www.pulsions-pro.com\\\/en\\\/#website\"},\"primaryImageOfPage\":{\"@id\":\"https:\\\/\\\/www.pulsions-pro.com\\\/en\\\/get-certified\\\/#primaryimage\"},\"image\":{\"@id\":\"https:\\\/\\\/www.pulsions-pro.com\\\/en\\\/get-certified\\\/#primaryimage\"},\"thumbnailUrl\":\"https:\\\/\\\/www.pulsions-pro.com\\\/wp-content\\\/uploads\\\/2021\\\/06\\\/shutterstock_1890807892.jpg\",\"datePublished\":\"2023-08-15T08:32:16+00:00\",\"dateModified\":\"2026-03-16T14:35:29+00:00\",\"description\":\"Access cutting-edge training in understanding professional behaviour with PULSIONS PRO certification. Find out why you should choose PULSIONS PRO.\",\"breadcrumb\":{\"@id\":\"https:\\\/\\\/www.pulsions-pro.com\\\/en\\\/get-certified\\\/#breadcrumb\"},\"inLanguage\":\"en-GB\",\"potentialAction\":[{\"@type\":\"ReadAction\",\"target\":[\"https:\\\/\\\/www.pulsions-pro.com\\\/en\\\/get-certified\\\/\"]}]},{\"@type\":\"ImageObject\",\"inLanguage\":\"en-GB\",\"@id\":\"https:\\\/\\\/www.pulsions-pro.com\\\/en\\\/get-certified\\\/#primaryimage\",\"url\":\"https:\\\/\\\/www.pulsions-pro.com\\\/wp-content\\\/uploads\\\/2021\\\/06\\\/shutterstock_1890807892.jpg\",\"contentUrl\":\"https:\\\/\\\/www.pulsions-pro.com\\\/wp-content\\\/uploads\\\/2021\\\/06\\\/shutterstock_1890807892.jpg\",\"width\":2560,\"height\":1440,\"caption\":\"Se certifier: acc\u00e9dez \u00e0 une formation de pointe en compr\u00e9hension des comportements professionnels avec la certification PULSIONS PRO.\"},{\"@type\":\"BreadcrumbList\",\"@id\":\"https:\\\/\\\/www.pulsions-pro.com\\\/en\\\/get-certified\\\/#breadcrumb\",\"itemListElement\":[{\"@type\":\"ListItem\",\"position\":1,\"name\":\"Home\",\"item\":\"https:\\\/\\\/www.pulsions-pro.com\\\/en\\\/\"},{\"@type\":\"ListItem\",\"position\":2,\"name\":\"Get Certified\"}]},{\"@type\":\"WebSite\",\"@id\":\"https:\\\/\\\/www.pulsions-pro.com\\\/en\\\/#website\",\"url\":\"https:\\\/\\\/www.pulsions-pro.com\\\/en\\\/\",\"name\":\"PULSIONS Pro\",\"description\":\"Impulser la performance\",\"publisher\":{\"@id\":\"https:\\\/\\\/www.pulsions-pro.com\\\/en\\\/#organization\"},\"alternateName\":\"PULSIONS\",\"potentialAction\":[{\"@type\":\"SearchAction\",\"target\":{\"@type\":\"EntryPoint\",\"urlTemplate\":\"https:\\\/\\\/www.pulsions-pro.com\\\/en\\\/?s={search_term_string}\"},\"query-input\":{\"@type\":\"PropertyValueSpecification\",\"valueRequired\":true,\"valueName\":\"search_term_string\"}}],\"inLanguage\":\"en-GB\"},{\"@type\":\"Organization\",\"@id\":\"https:\\\/\\\/www.pulsions-pro.com\\\/en\\\/#organization\",\"name\":\"Pulsions Pro\",\"alternateName\":\"Pulsions\",\"url\":\"https:\\\/\\\/www.pulsions-pro.com\\\/en\\\/\",\"logo\":{\"@type\":\"ImageObject\",\"inLanguage\":\"en-GB\",\"@id\":\"https:\\\/\\\/www.pulsions-pro.com\\\/en\\\/#\\\/schema\\\/logo\\\/image\\\/\",\"url\":\"https:\\\/\\\/www.pulsions-pro.com\\\/wp-content\\\/uploads\\\/2022\\\/02\\\/cropped-favicon.png\",\"contentUrl\":\"https:\\\/\\\/www.pulsions-pro.com\\\/wp-content\\\/uploads\\\/2022\\\/02\\\/cropped-favicon.png\",\"width\":512,\"height\":512,\"caption\":\"Pulsions Pro\"},\"image\":{\"@id\":\"https:\\\/\\\/www.pulsions-pro.com\\\/en\\\/#\\\/schema\\\/logo\\\/image\\\/\"},\"sameAs\":[\"https:\\\/\\\/www.linkedin.com\\\/company\\\/pulsions-management-sa\\\/\"]}]}<\/script>\n<!-- \/ Yoast SEO plugin. -->","yoast_head_json":{"title":"Get Certified &#8211; PULSIONS Pro","description":"Access cutting-edge training in understanding professional behaviour with PULSIONS PRO certification. Find out why you should choose PULSIONS PRO.","robots":{"index":"index","follow":"follow","max-snippet":"max-snippet:-1","max-image-preview":"max-image-preview:large","max-video-preview":"max-video-preview:-1"},"canonical":"https:\/\/www.pulsions-pro.com\/en\/get-certified\/","og_locale":"en_GB","og_type":"article","og_title":"Get Certified &#8211; PULSIONS Pro","og_description":"Access cutting-edge training in understanding professional behaviour with PULSIONS PRO certification. Find out why you should choose PULSIONS PRO.","og_url":"https:\/\/www.pulsions-pro.com\/en\/get-certified\/","og_site_name":"PULSIONS Pro","article_modified_time":"2026-03-16T14:35:29+00:00","og_image":[{"width":2560,"height":1440,"url":"https:\/\/www.pulsions-pro.com\/wp-content\/uploads\/2021\/06\/shutterstock_1890807892.jpg","type":"image\/jpeg"}],"twitter_card":"summary_large_image","twitter_misc":{"Estimated reading time":"1 minute"},"schema":{"@context":"https:\/\/schema.org","@graph":[{"@type":"WebPage","@id":"https:\/\/www.pulsions-pro.com\/en\/get-certified\/","url":"https:\/\/www.pulsions-pro.com\/en\/get-certified\/","name":"Get Certified &#8211; PULSIONS Pro","isPartOf":{"@id":"https:\/\/www.pulsions-pro.com\/en\/#website"},"primaryImageOfPage":{"@id":"https:\/\/www.pulsions-pro.com\/en\/get-certified\/#primaryimage"},"image":{"@id":"https:\/\/www.pulsions-pro.com\/en\/get-certified\/#primaryimage"},"thumbnailUrl":"https:\/\/www.pulsions-pro.com\/wp-content\/uploads\/2021\/06\/shutterstock_1890807892.jpg","datePublished":"2023-08-15T08:32:16+00:00","dateModified":"2026-03-16T14:35:29+00:00","description":"Access cutting-edge training in understanding professional behaviour with PULSIONS PRO certification. Find out why you should choose PULSIONS PRO.","breadcrumb":{"@id":"https:\/\/www.pulsions-pro.com\/en\/get-certified\/#breadcrumb"},"inLanguage":"en-GB","potentialAction":[{"@type":"ReadAction","target":["https:\/\/www.pulsions-pro.com\/en\/get-certified\/"]}]},{"@type":"ImageObject","inLanguage":"en-GB","@id":"https:\/\/www.pulsions-pro.com\/en\/get-certified\/#primaryimage","url":"https:\/\/www.pulsions-pro.com\/wp-content\/uploads\/2021\/06\/shutterstock_1890807892.jpg","contentUrl":"https:\/\/www.pulsions-pro.com\/wp-content\/uploads\/2021\/06\/shutterstock_1890807892.jpg","width":2560,"height":1440,"caption":"Se certifier: acc\u00e9dez \u00e0 une formation de pointe en compr\u00e9hension des comportements professionnels avec la certification PULSIONS PRO."},{"@type":"BreadcrumbList","@id":"https:\/\/www.pulsions-pro.com\/en\/get-certified\/#breadcrumb","itemListElement":[{"@type":"ListItem","position":1,"name":"Home","item":"https:\/\/www.pulsions-pro.com\/en\/"},{"@type":"ListItem","position":2,"name":"Get Certified"}]},{"@type":"WebSite","@id":"https:\/\/www.pulsions-pro.com\/en\/#website","url":"https:\/\/www.pulsions-pro.com\/en\/","name":"PULSIONS Pro","description":"Impulser la performance","publisher":{"@id":"https:\/\/www.pulsions-pro.com\/en\/#organization"},"alternateName":"PULSIONS","potentialAction":[{"@type":"SearchAction","target":{"@type":"EntryPoint","urlTemplate":"https:\/\/www.pulsions-pro.com\/en\/?s={search_term_string}"},"query-input":{"@type":"PropertyValueSpecification","valueRequired":true,"valueName":"search_term_string"}}],"inLanguage":"en-GB"},{"@type":"Organization","@id":"https:\/\/www.pulsions-pro.com\/en\/#organization","name":"Pulsions Pro","alternateName":"Pulsions","url":"https:\/\/www.pulsions-pro.com\/en\/","logo":{"@type":"ImageObject","inLanguage":"en-GB","@id":"https:\/\/www.pulsions-pro.com\/en\/#\/schema\/logo\/image\/","url":"https:\/\/www.pulsions-pro.com\/wp-content\/uploads\/2022\/02\/cropped-favicon.png","contentUrl":"https:\/\/www.pulsions-pro.com\/wp-content\/uploads\/2022\/02\/cropped-favicon.png","width":512,"height":512,"caption":"Pulsions Pro"},"image":{"@id":"https:\/\/www.pulsions-pro.com\/en\/#\/schema\/logo\/image\/"},"sameAs":["https:\/\/www.linkedin.com\/company\/pulsions-management-sa\/"]}]}},"_links":{"self":[{"href":"https:\/\/www.pulsions-pro.com\/en\/wp-json\/wp\/v2\/pages\/3045","targetHints":{"allow":["GET"]}}],"collection":[{"href":"https:\/\/www.pulsions-pro.com\/en\/wp-json\/wp\/v2\/pages"}],"about":[{"href":"https:\/\/www.pulsions-pro.com\/en\/wp-json\/wp\/v2\/types\/page"}],"author":[{"embeddable":true,"href":"https:\/\/www.pulsions-pro.com\/en\/wp-json\/wp\/v2\/users\/4"}],"replies":[{"embeddable":true,"href":"https:\/\/www.pulsions-pro.com\/en\/wp-json\/wp\/v2\/comments?post=3045"}],"version-history":[{"count":1,"href":"https:\/\/www.pulsions-pro.com\/en\/wp-json\/wp\/v2\/pages\/3045\/revisions"}],"predecessor-version":[{"id":3565,"href":"https:\/\/www.pulsions-pro.com\/en\/wp-json\/wp\/v2\/pages\/3045\/revisions\/3565"}],"wp:featuredmedia":[{"embeddable":true,"href":"https:\/\/www.pulsions-pro.com\/en\/wp-json\/wp\/v2\/media\/1783"}],"wp:attachment":[{"href":"https:\/\/www.pulsions-pro.com\/en\/wp-json\/wp\/v2\/media?parent=3045"}],"curies":[{"name":"wp","href":"https:\/\/api.w.org\/{rel}","templated":true}]}}