{"id":1944,"date":"2022-02-08T11:37:46","date_gmt":"2022-02-08T10:37:46","guid":{"rendered":"https:\/\/pulsions-pro.buxumlunic.dev\/?page_id=1944"},"modified":"2024-03-04T13:54:40","modified_gmt":"2024-03-04T12:54:40","slug":"about","status":"publish","type":"page","link":"https:\/\/www.pulsions-pro.com\/en\/about\/","title":{"rendered":"About"},"content":{"rendered":"<p>PULSIONS is a method that predicts very accurately and reliably the behaviors actually adopted by a person in a professional situation. Depending on the context, employees activate levers classified in 8 categories. They correspond to the achievement of a goal: personal performance, usefulness, liberty, security, interest, own image, new ideas or social. Together, they make up the acronym &#8220;PULSIONS&#8221;.<\/p>\n<p>Invented in 2003 by Daniel Schmid, the method has been validated by experts in evaluation tools. Today, it is applied by more than 100 certified consultants who accompany managers, executives and consultants in the management of their company and their business thanks to another definition of performance. The added value of PULSIONS? To become aware of and understand one&#8217;s operating mode in order to progress autonomously in one&#8217;s professional life, to understand the contexts in which it is possible to express one&#8217;s full potential and those in which one can learn to adapt successfully.<\/p>\n","protected":false},"excerpt":{"rendered":"<p>PULSIONS is a method that predicts very accurately and reliably the behaviors actually adopted by a person in a professional situation. Depending on the context, employees activate levers classified in    <\/p>\n<p class=\"link-more\">\n        <a class=\"more-link\" href=\"https:\/\/www.pulsions-pro.com\/en\/about\/\">Learn more<\/a>\n    <\/p>\n","protected":false},"author":4,"featured_media":739,"parent":0,"menu_order":0,"comment_status":"closed","ping_status":"closed","template":"template-a-propos.php","meta":{"_acf_changed":false,"footnotes":""},"class_list":["post-1944","page","type-page","status-publish","has-post-thumbnail","hentry"],"acf":[],"yoast_head":"<!-- This site is optimized with the Yoast SEO plugin v26.8 - https:\/\/yoast.com\/product\/yoast-seo-wordpress\/ -->\n<title>About the method &#8211; PULSIONS Pro<\/title>\n<meta name=\"description\" content=\"Comment cette m\u00e9thode a-t-elle vue le jour ? Qui en est le fondateur ? D\u00e9couvrez toute l&#039;histoire de la cr\u00e9ation de PULSIONS.\" \/>\n<meta name=\"robots\" content=\"index, follow, max-snippet:-1, max-image-preview:large, max-video-preview:-1\" \/>\n<link rel=\"canonical\" href=\"https:\/\/www.pulsions-pro.com\/en\/about\/\" \/>\n<meta property=\"og:locale\" content=\"en_GB\" \/>\n<meta property=\"og:type\" content=\"article\" \/>\n<meta property=\"og:title\" content=\"About the method &#8211; PULSIONS Pro\" \/>\n<meta property=\"og:description\" content=\"Comment cette m\u00e9thode a-t-elle vue le jour ? Qui en est le fondateur ? D\u00e9couvrez toute l&#039;histoire de la cr\u00e9ation de PULSIONS.\" \/>\n<meta property=\"og:url\" content=\"https:\/\/www.pulsions-pro.com\/en\/about\/\" \/>\n<meta property=\"og:site_name\" content=\"PULSIONS Pro\" \/>\n<meta property=\"article:modified_time\" content=\"2024-03-04T12:54:40+00:00\" \/>\n<meta property=\"og:image\" content=\"https:\/\/www.pulsions-pro.com\/wp-content\/uploads\/2018\/09\/shutterstock_557307181.jpg\" \/>\n\t<meta property=\"og:image:width\" content=\"2560\" \/>\n\t<meta property=\"og:image:height\" content=\"972\" \/>\n\t<meta property=\"og:image:type\" content=\"image\/jpeg\" \/>\n<meta name=\"twitter:card\" content=\"summary_large_image\" \/>\n<meta name=\"twitter:label1\" content=\"Estimated reading time\" \/>\n\t<meta name=\"twitter:data1\" content=\"1 minute\" \/>\n<script type=\"application\/ld+json\" class=\"yoast-schema-graph\">{\"@context\":\"https:\/\/schema.org\",\"@graph\":[{\"@type\":\"WebPage\",\"@id\":\"https:\/\/www.pulsions-pro.com\/en\/about\/\",\"url\":\"https:\/\/www.pulsions-pro.com\/en\/about\/\",\"name\":\"About the method &#8211; PULSIONS Pro\",\"isPartOf\":{\"@id\":\"https:\/\/www.pulsions-pro.com\/en\/#website\"},\"primaryImageOfPage\":{\"@id\":\"https:\/\/www.pulsions-pro.com\/en\/about\/#primaryimage\"},\"image\":{\"@id\":\"https:\/\/www.pulsions-pro.com\/en\/about\/#primaryimage\"},\"thumbnailUrl\":\"https:\/\/www.pulsions-pro.com\/wp-content\/uploads\/2018\/09\/shutterstock_557307181.jpg\",\"datePublished\":\"2022-02-08T10:37:46+00:00\",\"dateModified\":\"2024-03-04T12:54:40+00:00\",\"description\":\"Comment cette m\u00e9thode a-t-elle vue le jour ? Qui en est le fondateur ? D\u00e9couvrez toute l'histoire de la cr\u00e9ation de PULSIONS.\",\"breadcrumb\":{\"@id\":\"https:\/\/www.pulsions-pro.com\/en\/about\/#breadcrumb\"},\"inLanguage\":\"en-GB\",\"potentialAction\":[{\"@type\":\"ReadAction\",\"target\":[\"https:\/\/www.pulsions-pro.com\/en\/about\/\"]}]},{\"@type\":\"ImageObject\",\"inLanguage\":\"en-GB\",\"@id\":\"https:\/\/www.pulsions-pro.com\/en\/about\/#primaryimage\",\"url\":\"https:\/\/www.pulsions-pro.com\/wp-content\/uploads\/2018\/09\/shutterstock_557307181.jpg\",\"contentUrl\":\"https:\/\/www.pulsions-pro.com\/wp-content\/uploads\/2018\/09\/shutterstock_557307181.jpg\",\"width\":2560,\"height\":972},{\"@type\":\"BreadcrumbList\",\"@id\":\"https:\/\/www.pulsions-pro.com\/en\/about\/#breadcrumb\",\"itemListElement\":[{\"@type\":\"ListItem\",\"position\":1,\"name\":\"Home\",\"item\":\"https:\/\/www.pulsions-pro.com\/en\/\"},{\"@type\":\"ListItem\",\"position\":2,\"name\":\"About\"}]},{\"@type\":\"WebSite\",\"@id\":\"https:\/\/www.pulsions-pro.com\/en\/#website\",\"url\":\"https:\/\/www.pulsions-pro.com\/en\/\",\"name\":\"PULSIONS Pro\",\"description\":\"Impulser la performance\",\"publisher\":{\"@id\":\"https:\/\/www.pulsions-pro.com\/en\/#organization\"},\"alternateName\":\"PULSIONS\",\"potentialAction\":[{\"@type\":\"SearchAction\",\"target\":{\"@type\":\"EntryPoint\",\"urlTemplate\":\"https:\/\/www.pulsions-pro.com\/en\/?s={search_term_string}\"},\"query-input\":{\"@type\":\"PropertyValueSpecification\",\"valueRequired\":true,\"valueName\":\"search_term_string\"}}],\"inLanguage\":\"en-GB\"},{\"@type\":\"Organization\",\"@id\":\"https:\/\/www.pulsions-pro.com\/en\/#organization\",\"name\":\"Pulsions Pro\",\"alternateName\":\"Pulsions\",\"url\":\"https:\/\/www.pulsions-pro.com\/en\/\",\"logo\":{\"@type\":\"ImageObject\",\"inLanguage\":\"en-GB\",\"@id\":\"https:\/\/www.pulsions-pro.com\/en\/#\/schema\/logo\/image\/\",\"url\":\"https:\/\/www.pulsions-pro.com\/wp-content\/uploads\/2022\/02\/cropped-favicon.png\",\"contentUrl\":\"https:\/\/www.pulsions-pro.com\/wp-content\/uploads\/2022\/02\/cropped-favicon.png\",\"width\":512,\"height\":512,\"caption\":\"Pulsions Pro\"},\"image\":{\"@id\":\"https:\/\/www.pulsions-pro.com\/en\/#\/schema\/logo\/image\/\"},\"sameAs\":[\"https:\/\/www.linkedin.com\/company\/pulsions-management-sa\/\"]}]}<\/script>\n<!-- \/ Yoast SEO plugin. -->","yoast_head_json":{"title":"About the method &#8211; PULSIONS Pro","description":"Comment cette m\u00e9thode a-t-elle vue le jour ? Qui en est le fondateur ? D\u00e9couvrez toute l'histoire de la cr\u00e9ation de PULSIONS.","robots":{"index":"index","follow":"follow","max-snippet":"max-snippet:-1","max-image-preview":"max-image-preview:large","max-video-preview":"max-video-preview:-1"},"canonical":"https:\/\/www.pulsions-pro.com\/en\/about\/","og_locale":"en_GB","og_type":"article","og_title":"About the method &#8211; PULSIONS Pro","og_description":"Comment cette m\u00e9thode a-t-elle vue le jour ? Qui en est le fondateur ? D\u00e9couvrez toute l'histoire de la cr\u00e9ation de PULSIONS.","og_url":"https:\/\/www.pulsions-pro.com\/en\/about\/","og_site_name":"PULSIONS Pro","article_modified_time":"2024-03-04T12:54:40+00:00","og_image":[{"width":2560,"height":972,"url":"https:\/\/www.pulsions-pro.com\/wp-content\/uploads\/2018\/09\/shutterstock_557307181.jpg","type":"image\/jpeg"}],"twitter_card":"summary_large_image","twitter_misc":{"Estimated reading time":"1 minute"},"schema":{"@context":"https:\/\/schema.org","@graph":[{"@type":"WebPage","@id":"https:\/\/www.pulsions-pro.com\/en\/about\/","url":"https:\/\/www.pulsions-pro.com\/en\/about\/","name":"About the method &#8211; PULSIONS Pro","isPartOf":{"@id":"https:\/\/www.pulsions-pro.com\/en\/#website"},"primaryImageOfPage":{"@id":"https:\/\/www.pulsions-pro.com\/en\/about\/#primaryimage"},"image":{"@id":"https:\/\/www.pulsions-pro.com\/en\/about\/#primaryimage"},"thumbnailUrl":"https:\/\/www.pulsions-pro.com\/wp-content\/uploads\/2018\/09\/shutterstock_557307181.jpg","datePublished":"2022-02-08T10:37:46+00:00","dateModified":"2024-03-04T12:54:40+00:00","description":"Comment cette m\u00e9thode a-t-elle vue le jour ? Qui en est le fondateur ? D\u00e9couvrez toute l'histoire de la cr\u00e9ation de PULSIONS.","breadcrumb":{"@id":"https:\/\/www.pulsions-pro.com\/en\/about\/#breadcrumb"},"inLanguage":"en-GB","potentialAction":[{"@type":"ReadAction","target":["https:\/\/www.pulsions-pro.com\/en\/about\/"]}]},{"@type":"ImageObject","inLanguage":"en-GB","@id":"https:\/\/www.pulsions-pro.com\/en\/about\/#primaryimage","url":"https:\/\/www.pulsions-pro.com\/wp-content\/uploads\/2018\/09\/shutterstock_557307181.jpg","contentUrl":"https:\/\/www.pulsions-pro.com\/wp-content\/uploads\/2018\/09\/shutterstock_557307181.jpg","width":2560,"height":972},{"@type":"BreadcrumbList","@id":"https:\/\/www.pulsions-pro.com\/en\/about\/#breadcrumb","itemListElement":[{"@type":"ListItem","position":1,"name":"Home","item":"https:\/\/www.pulsions-pro.com\/en\/"},{"@type":"ListItem","position":2,"name":"About"}]},{"@type":"WebSite","@id":"https:\/\/www.pulsions-pro.com\/en\/#website","url":"https:\/\/www.pulsions-pro.com\/en\/","name":"PULSIONS Pro","description":"Impulser la performance","publisher":{"@id":"https:\/\/www.pulsions-pro.com\/en\/#organization"},"alternateName":"PULSIONS","potentialAction":[{"@type":"SearchAction","target":{"@type":"EntryPoint","urlTemplate":"https:\/\/www.pulsions-pro.com\/en\/?s={search_term_string}"},"query-input":{"@type":"PropertyValueSpecification","valueRequired":true,"valueName":"search_term_string"}}],"inLanguage":"en-GB"},{"@type":"Organization","@id":"https:\/\/www.pulsions-pro.com\/en\/#organization","name":"Pulsions Pro","alternateName":"Pulsions","url":"https:\/\/www.pulsions-pro.com\/en\/","logo":{"@type":"ImageObject","inLanguage":"en-GB","@id":"https:\/\/www.pulsions-pro.com\/en\/#\/schema\/logo\/image\/","url":"https:\/\/www.pulsions-pro.com\/wp-content\/uploads\/2022\/02\/cropped-favicon.png","contentUrl":"https:\/\/www.pulsions-pro.com\/wp-content\/uploads\/2022\/02\/cropped-favicon.png","width":512,"height":512,"caption":"Pulsions Pro"},"image":{"@id":"https:\/\/www.pulsions-pro.com\/en\/#\/schema\/logo\/image\/"},"sameAs":["https:\/\/www.linkedin.com\/company\/pulsions-management-sa\/"]}]}},"_links":{"self":[{"href":"https:\/\/www.pulsions-pro.com\/en\/wp-json\/wp\/v2\/pages\/1944","targetHints":{"allow":["GET"]}}],"collection":[{"href":"https:\/\/www.pulsions-pro.com\/en\/wp-json\/wp\/v2\/pages"}],"about":[{"href":"https:\/\/www.pulsions-pro.com\/en\/wp-json\/wp\/v2\/types\/page"}],"author":[{"embeddable":true,"href":"https:\/\/www.pulsions-pro.com\/en\/wp-json\/wp\/v2\/users\/4"}],"replies":[{"embeddable":true,"href":"https:\/\/www.pulsions-pro.com\/en\/wp-json\/wp\/v2\/comments?post=1944"}],"version-history":[{"count":0,"href":"https:\/\/www.pulsions-pro.com\/en\/wp-json\/wp\/v2\/pages\/1944\/revisions"}],"wp:featuredmedia":[{"embeddable":true,"href":"https:\/\/www.pulsions-pro.com\/en\/wp-json\/wp\/v2\/media\/739"}],"wp:attachment":[{"href":"https:\/\/www.pulsions-pro.com\/en\/wp-json\/wp\/v2\/media?parent=1944"}],"curies":[{"name":"wp","href":"https:\/\/api.w.org\/{rel}","templated":true}]}}